{"id":1581,"date":"2025-08-27T20:21:06","date_gmt":"2025-08-27T20:21:06","guid":{"rendered":"https:\/\/arrueinsurance.com\/?page_id=1581"},"modified":"2025-08-29T17:40:54","modified_gmt":"2025-08-29T17:40:54","slug":"survey","status":"publish","type":"page","link":"https:\/\/arrueinsurance.com\/en\/survey\/","title":{"rendered":"Survey"},"content":{"rendered":"<div data-elementor-type=\"wp-page\" data-elementor-id=\"1581\" class=\"elementor elementor-1581\">\n\t\t\t\t<div class=\"elementor-element elementor-element-af077e1 e-flex e-con-boxed e-con e-parent\" data-id=\"af077e1\" data-element_type=\"container\" data-e-type=\"container\">\n\t\t\t\t\t<div class=\"e-con-inner\">\n\t\t\t\t<div class=\"elementor-element elementor-element-8e4405e elementor-widget elementor-widget-heading\" data-id=\"8e4405e\" data-element_type=\"widget\" data-e-type=\"widget\" data-widget_type=\"heading.default\">\n\t\t\t\t\t<h2 class=\"elementor-heading-title elementor-size-default\">Precalification survey<\/h2>\t\t\t\t<\/div>\n\t\t\t\t<div class=\"elementor-element elementor-element-f9a29c2 elementor-widget__width-initial elementor-widget elementor-widget-text-editor\" data-id=\"f9a29c2\" data-element_type=\"widget\" data-e-type=\"widget\" data-widget_type=\"text-editor.default\">\n\t\t\t\t\t\t\t\t\t<p>Complete this survey to learn a little more about your situation and help you find the insurance policy that best suits your needs.\u00a0<\/p>\t\t\t\t\t\t\t\t<\/div>\n\t\t\t\t\t<\/div>\n\t\t\t\t<\/div>\n\t\t<div class=\"elementor-element elementor-element-50b991b e-flex e-con-boxed e-con e-parent\" data-id=\"50b991b\" data-element_type=\"container\" data-e-type=\"container\">\n\t\t\t\t\t<div class=\"e-con-inner\">\n\t\t<div class=\"elementor-element elementor-element-ed282c3 e-con-full e-flex e-con e-child\" data-id=\"ed282c3\" data-element_type=\"container\" data-e-type=\"container\" data-settings=\"{&quot;background_background&quot;:&quot;classic&quot;}\">\n\t\t\t\t<div class=\"elementor-element elementor-element-2f0be58 elementor-widget__width-initial elementor-widget elementor-widget-shortcode\" data-id=\"2f0be58\" data-element_type=\"widget\" data-e-type=\"widget\" data-widget_type=\"shortcode.default\">\n\t\t\t\t\t\t\t<div class=\"elementor-shortcode\"><!-- HTML Forms v1.6.4 - https:\/\/wordpress.org\/plugins\/html-forms\/ -->\n<form method=\"post\"  class=\"hf-form hf-form-1636\" data-id=\"1636\" data-title=\"Survey\" data-slug=\"survey\" data-message-success=\"Gracias por completar la encuesta. Evaluaremos tu respuesta para recomendarte la p\u00f3liza de seguro m\u00e1s adecuada para ti. \" data-message-invalid-email=\"Lo sentimos, parece que la direcci\u00f3n de correo es invalida.\" data-message-required-field-missing=\"Por favor, complete lo campos requeridos.\" data-message-error=\"Oops. Ha ocurrido un error\" data-message-recaptcha-failed=\"reCAPTCHA verification failed. Please try again.\" data-message-recaptcha-low-score=\"Your submission appears to be spam. Please try again.\" action=\"\"><input type=\"hidden\" name=\"_hf_form_id\" value=\"1636\" \/><div style=\"display: none;\"><input type=\"text\" name=\"_hf_h1636\" value=\"\" \/><\/div><div class=\"hf-fields-wrap\"><style> \r\n  #button{margin-top: 1rem;}\r\n  .form {margin-top:1.2rem;}\r\n  input{margin-top: .3rem}\r\n  select{margin-top: .3rem}\r\n  textarea{margin-top: .3rem}\r\n<\/style>\r\n\r\n\r\n<div>\r\n\t<label>Name<\/label>\r\n\t<input type=\"text\" name=\"NAME\" placeholder=\"Your full name\" required \/>\r\n<\/div>\r\n<div class=\"form\">\r\n\t<label>Email<\/label>\r\n\t<input type=\"email\" name=\"EMAIL\" placeholder=\"Valid Email\" required \/>\r\n<\/div>\r\n<div class=\"form\">\r\n\t<label for=\"survey-FPL\">FPL percentage (%)<\/label>\r\n\t<input type=\"number\" name=\"FPL\" placeholder=\"Indicate the value of your FPL\" required id=\"survey-FPL\" \/>\r\n<\/div>\r\n<div class=\"form\">\r\n\t<label for=\"survey-MARRIAGE_STATUS\">Are you married?<\/label>\r\n\t<select name=\"MARRIAGE_STATUS\" required id=\"survey-MARRIAGE_STATUS\"><option selected>Yes<\/option><option>No<\/option><\/select>\r\n<\/div>\r\n<div class=\"form\">\r\n\t<label for=\"survey-CHILDREN\">Do you have children?<\/label>\r\n\t<select name=\"CHILDREN\" required id=\"survey-CHILDREN\"><option selected>Yes<\/option><option>No<\/option><\/select>\r\n<\/div>\r\n<div class=\"form\">\r\n\t<label for=\"survey-PREGNANCY_PLANNING\">Are you planning a pregnancy? (More than 12 months away)<\/label>\r\n\t<select name=\"PREGNANCY_PLANNING\" required id=\"survey-PREGNANCY_PLANNING\"><option>Yes<\/option><option>No<\/option><\/select>\r\n<\/div>\r\n<div class=\"form\">\r\n\t<label for=\"survey-SENIOR_CITIZEN\">Are you a senior citizen?<\/label>\r\n\t<select name=\"SENIOR_CITIZEN\" required id=\"survey-SENIOR_CITIZEN\"><option>Yes<\/option><option>No<\/option><\/select>\r\n<\/div>\r\n<div class=\"form\">\r\n\t<label for=\"survey-OWN_HOME\">Do you own your own home?<\/label>\r\n\t<select name=\"OWN_HOME\" required id=\"survey-OWN_HOME\"><option>Yes<\/option><option>No<\/option><\/select>\r\n<\/div>\r\n<div class=\"form\">\r\n\t<label for=\"survey-OWN_CAR\">Do you own your own car?<\/label>\r\n\t<select name=\"OWN_CAR\" required id=\"survey-OWN_CAR\"><option>Yes<\/option><option>No<\/option><\/select>\r\n<\/div>\r\n<div class=\"form\">\r\n\t<label for=\"survey-ASSETS\">Do you have assets over $5,000?<\/label>\r\n\t<select name=\"ASSETS\" required id=\"survey-ASSETS\"><option>Yes<\/option><option>No<\/option><\/select>\r\n<\/div>\r\n\r\n\r\n\r\n\r\n<div class=\"form\" id=\"button\">\r\n\t<input type=\"submit\" value=\"Submit\" \/>\r\n<\/div><noscript>Please enable JavaScript for this form to work.<\/noscript><\/div><input type=\"hidden\" name=\"trp-form-language\" value=\"en\"\/><\/form><!-- \/ HTML Forms --><\/div>\n\t\t\t\t\t\t<\/div>\n\t\t\t\t<\/div>\n\t\t\t\t\t<\/div>\n\t\t\t\t<\/div>\n\t\t<div class=\"elementor-element elementor-element-fa1e0cb e-flex e-con-boxed e-con e-parent\" data-id=\"fa1e0cb\" data-element_type=\"container\" data-e-type=\"container\">\n\t\t\t\t\t<div class=\"e-con-inner\">\n\t\t\t\t\t<\/div>\n\t\t\t\t<\/div>\n\t\t\t\t<\/div>","protected":false},"excerpt":{"rendered":"<p>Encuesta de precalificaci\u00f3n Completa esta encuesta para conocer un poco m\u00e1s de tu situaci\u00f3n y ayudarte a encontrar la p\u00f3liza de seguro que mejor sea adapte a tus necesidades.\u00a0<\/p>","protected":false},"author":2,"featured_media":0,"parent":0,"menu_order":0,"comment_status":"closed","ping_status":"closed","template":"","meta":{"nf_dc_page":"","footnotes":""},"class_list":["post-1581","page","type-page","status-publish","hentry"],"blocksy_meta":[],"yoast_head":"<!-- This site is optimized with the Yoast SEO plugin v27.4 - https:\/\/yoast.com\/product\/yoast-seo-wordpress\/ -->\n<title>Survey - Arrue Insurane<\/title>\n<meta name=\"robots\" content=\"index, follow, max-snippet:-1, max-image-preview:large, max-video-preview:-1\" \/>\n<link rel=\"canonical\" href=\"https:\/\/arrueinsurance.com\/en\/survey\/\" \/>\n<meta property=\"og:locale\" content=\"en_US\" \/>\n<meta property=\"og:type\" content=\"article\" \/>\n<meta property=\"og:title\" content=\"Survey - Arrue Insurane\" \/>\n<meta property=\"og:description\" content=\"Encuesta de precalificaci\u00f3n Completa esta encuesta para conocer un poco m\u00e1s de tu situaci\u00f3n y ayudarte a encontrar la p\u00f3liza de seguro que mejor sea adapte a tus necesidades.\u00a0\" \/>\n<meta property=\"og:url\" content=\"https:\/\/arrueinsurance.com\/en\/survey\/\" \/>\n<meta property=\"og:site_name\" content=\"Arrue Insurane\" \/>\n<meta property=\"article:modified_time\" content=\"2025-08-29T17:40:54+00:00\" \/>\n<meta name=\"twitter:card\" content=\"summary_large_image\" \/>\n<meta name=\"twitter:label1\" content=\"Est. reading time\" \/>\n\t<meta name=\"twitter:data1\" content=\"1 minute\" \/>\n<script type=\"application\/ld+json\" class=\"yoast-schema-graph\">{\"@context\":\"https:\\\/\\\/schema.org\",\"@graph\":[{\"@type\":\"WebPage\",\"@id\":\"https:\\\/\\\/arrueinsurance.com\\\/survey\\\/\",\"url\":\"https:\\\/\\\/arrueinsurance.com\\\/survey\\\/\",\"name\":\"Survey - Arrue Insurane\",\"isPartOf\":{\"@id\":\"https:\\\/\\\/arrueinsurance.com\\\/#website\"},\"datePublished\":\"2025-08-27T20:21:06+00:00\",\"dateModified\":\"2025-08-29T17:40:54+00:00\",\"breadcrumb\":{\"@id\":\"https:\\\/\\\/arrueinsurance.com\\\/survey\\\/#breadcrumb\"},\"inLanguage\":\"en-US\",\"potentialAction\":[{\"@type\":\"ReadAction\",\"target\":[\"https:\\\/\\\/arrueinsurance.com\\\/survey\\\/\"]}]},{\"@type\":\"BreadcrumbList\",\"@id\":\"https:\\\/\\\/arrueinsurance.com\\\/survey\\\/#breadcrumb\",\"itemListElement\":[{\"@type\":\"ListItem\",\"position\":1,\"name\":\"Home\",\"item\":\"https:\\\/\\\/arrueinsurance.com\\\/\"},{\"@type\":\"ListItem\",\"position\":2,\"name\":\"Survey\"}]},{\"@type\":\"WebSite\",\"@id\":\"https:\\\/\\\/arrueinsurance.com\\\/#website\",\"url\":\"https:\\\/\\\/arrueinsurance.com\\\/\",\"name\":\"Arrue Insurane\",\"description\":\"\",\"publisher\":{\"@id\":\"https:\\\/\\\/arrueinsurance.com\\\/#organization\"},\"potentialAction\":[{\"@type\":\"SearchAction\",\"target\":{\"@type\":\"EntryPoint\",\"urlTemplate\":\"https:\\\/\\\/arrueinsurance.com\\\/?s={search_term_string}\"},\"query-input\":{\"@type\":\"PropertyValueSpecification\",\"valueRequired\":true,\"valueName\":\"search_term_string\"}}],\"inLanguage\":\"en-US\"},{\"@type\":\"Organization\",\"@id\":\"https:\\\/\\\/arrueinsurance.com\\\/#organization\",\"name\":\"Arrue Insurane\",\"url\":\"https:\\\/\\\/arrueinsurance.com\\\/\",\"logo\":{\"@type\":\"ImageObject\",\"inLanguage\":\"en-US\",\"@id\":\"https:\\\/\\\/arrueinsurance.com\\\/#\\\/schema\\\/logo\\\/image\\\/\",\"url\":\"https:\\\/\\\/i0.wp.com\\\/arrueinsurance.com\\\/wp-content\\\/uploads\\\/2025\\\/07\\\/Logo-Channy-a-color-scaled.png?fit=2560%2C629&ssl=1\",\"contentUrl\":\"https:\\\/\\\/i0.wp.com\\\/arrueinsurance.com\\\/wp-content\\\/uploads\\\/2025\\\/07\\\/Logo-Channy-a-color-scaled.png?fit=2560%2C629&ssl=1\",\"width\":2560,\"height\":629,\"caption\":\"Arrue Insurane\"},\"image\":{\"@id\":\"https:\\\/\\\/arrueinsurance.com\\\/#\\\/schema\\\/logo\\\/image\\\/\"}}]}<\/script>\n<!-- \/ Yoast SEO plugin. -->","yoast_head_json":{"title":"Survey - Arrue Insurane","robots":{"index":"index","follow":"follow","max-snippet":"max-snippet:-1","max-image-preview":"max-image-preview:large","max-video-preview":"max-video-preview:-1"},"canonical":"https:\/\/arrueinsurance.com\/en\/survey\/","og_locale":"en_US","og_type":"article","og_title":"Survey - Arrue Insurane","og_description":"Encuesta de precalificaci\u00f3n Completa esta encuesta para conocer un poco m\u00e1s de tu situaci\u00f3n y ayudarte a encontrar la p\u00f3liza de seguro que mejor sea adapte a tus necesidades.\u00a0","og_url":"https:\/\/arrueinsurance.com\/en\/survey\/","og_site_name":"Arrue Insurane","article_modified_time":"2025-08-29T17:40:54+00:00","twitter_card":"summary_large_image","twitter_misc":{"Est. reading time":"1 minute"},"schema":{"@context":"https:\/\/schema.org","@graph":[{"@type":"WebPage","@id":"https:\/\/arrueinsurance.com\/survey\/","url":"https:\/\/arrueinsurance.com\/survey\/","name":"Survey - Arrue Insurane","isPartOf":{"@id":"https:\/\/arrueinsurance.com\/#website"},"datePublished":"2025-08-27T20:21:06+00:00","dateModified":"2025-08-29T17:40:54+00:00","breadcrumb":{"@id":"https:\/\/arrueinsurance.com\/survey\/#breadcrumb"},"inLanguage":"en-US","potentialAction":[{"@type":"ReadAction","target":["https:\/\/arrueinsurance.com\/survey\/"]}]},{"@type":"BreadcrumbList","@id":"https:\/\/arrueinsurance.com\/survey\/#breadcrumb","itemListElement":[{"@type":"ListItem","position":1,"name":"Home","item":"https:\/\/arrueinsurance.com\/"},{"@type":"ListItem","position":2,"name":"Survey"}]},{"@type":"WebSite","@id":"https:\/\/arrueinsurance.com\/#website","url":"https:\/\/arrueinsurance.com\/","name":"Arrue Insurane","description":"","publisher":{"@id":"https:\/\/arrueinsurance.com\/#organization"},"potentialAction":[{"@type":"SearchAction","target":{"@type":"EntryPoint","urlTemplate":"https:\/\/arrueinsurance.com\/?s={search_term_string}"},"query-input":{"@type":"PropertyValueSpecification","valueRequired":true,"valueName":"search_term_string"}}],"inLanguage":"en-US"},{"@type":"Organization","@id":"https:\/\/arrueinsurance.com\/#organization","name":"Arrue Insurane","url":"https:\/\/arrueinsurance.com\/","logo":{"@type":"ImageObject","inLanguage":"en-US","@id":"https:\/\/arrueinsurance.com\/#\/schema\/logo\/image\/","url":"https:\/\/i0.wp.com\/arrueinsurance.com\/wp-content\/uploads\/2025\/07\/Logo-Channy-a-color-scaled.png?fit=2560%2C629&ssl=1","contentUrl":"https:\/\/i0.wp.com\/arrueinsurance.com\/wp-content\/uploads\/2025\/07\/Logo-Channy-a-color-scaled.png?fit=2560%2C629&ssl=1","width":2560,"height":629,"caption":"Arrue Insurane"},"image":{"@id":"https:\/\/arrueinsurance.com\/#\/schema\/logo\/image\/"}}]}},"jetpack_sharing_enabled":true,"_links":{"self":[{"href":"https:\/\/arrueinsurance.com\/en\/wp-json\/wp\/v2\/pages\/1581","targetHints":{"allow":["GET"]}}],"collection":[{"href":"https:\/\/arrueinsurance.com\/en\/wp-json\/wp\/v2\/pages"}],"about":[{"href":"https:\/\/arrueinsurance.com\/en\/wp-json\/wp\/v2\/types\/page"}],"author":[{"embeddable":true,"href":"https:\/\/arrueinsurance.com\/en\/wp-json\/wp\/v2\/users\/2"}],"replies":[{"embeddable":true,"href":"https:\/\/arrueinsurance.com\/en\/wp-json\/wp\/v2\/comments?post=1581"}],"version-history":[{"count":5,"href":"https:\/\/arrueinsurance.com\/en\/wp-json\/wp\/v2\/pages\/1581\/revisions"}],"predecessor-version":[{"id":1699,"href":"https:\/\/arrueinsurance.com\/en\/wp-json\/wp\/v2\/pages\/1581\/revisions\/1699"}],"wp:attachment":[{"href":"https:\/\/arrueinsurance.com\/en\/wp-json\/wp\/v2\/media?parent=1581"}],"curies":[{"name":"wp","href":"https:\/\/api.w.org\/{rel}","templated":true}]}}