{"id":1583,"date":"2025-08-27T21:33:24","date_gmt":"2025-08-27T21:33:24","guid":{"rendered":"https:\/\/arrueinsurance.com\/?page_id=1583"},"modified":"2025-08-29T17:01:48","modified_gmt":"2025-08-29T17:01:48","slug":"what-insurance-are-you-interested-in","status":"publish","type":"page","link":"https:\/\/arrueinsurance.com\/en\/what-insurance-are-you-interested-in\/","title":{"rendered":"What insurance are you interested in?"},"content":{"rendered":"<div data-elementor-type=\"wp-page\" data-elementor-id=\"1583\" class=\"elementor elementor-1583\">\n\t\t\t\t<div class=\"elementor-element elementor-element-8e38642 e-flex e-con-boxed e-con e-parent\" data-id=\"8e38642\" data-element_type=\"container\" data-e-type=\"container\">\n\t\t\t\t\t<div class=\"e-con-inner\">\n\t\t\t\t<div class=\"elementor-element elementor-element-a9e5cdd elementor-widget elementor-widget-heading\" data-id=\"a9e5cdd\" data-element_type=\"widget\" data-e-type=\"widget\" data-widget_type=\"heading.default\">\n\t\t\t\t\t<h2 class=\"elementor-heading-title elementor-size-default\">Which insurance policy are you interested in?<\/h2>\t\t\t\t<\/div>\n\t\t\t\t<div class=\"elementor-element elementor-element-750599c elementor-widget__width-initial elementor-widget elementor-widget-text-editor\" data-id=\"750599c\" data-element_type=\"widget\" data-e-type=\"widget\" data-widget_type=\"text-editor.default\">\n\t\t\t\t\t\t\t\t\t<p>If you're interested in a specific insurance policy, please fill out this form so we can assist and advise you.\u00a0<\/p>\t\t\t\t\t\t\t\t<\/div>\n\t\t\t\t\t<\/div>\n\t\t\t\t<\/div>\n\t\t<div class=\"elementor-element elementor-element-3273eee e-flex e-con-boxed e-con e-parent\" data-id=\"3273eee\" data-element_type=\"container\" data-e-type=\"container\">\n\t\t\t\t\t<div class=\"e-con-inner\">\n\t\t<div class=\"elementor-element elementor-element-4a637f2 e-con-full e-flex e-con e-child\" data-id=\"4a637f2\" data-element_type=\"container\" data-e-type=\"container\" data-settings=\"{&quot;background_background&quot;:&quot;classic&quot;}\">\n\t\t\t\t<div class=\"elementor-element elementor-element-1c4378c elementor-widget__width-initial elementor-widget elementor-widget-shortcode\" data-id=\"1c4378c\" data-element_type=\"widget\" data-e-type=\"widget\" data-widget_type=\"shortcode.default\">\n\t\t\t\t\t\t\t<div class=\"elementor-shortcode\"><!-- HTML Forms v1.6.4 - https:\/\/wordpress.org\/plugins\/html-forms\/ -->\n<form method=\"post\"  class=\"hf-form hf-form-1669\" data-id=\"1669\" data-title=\"Policy Interest Form\" data-slug=\"policy-interest-form\" data-message-success=\"\u00a1Gracias! Nos pondremos en contacto contigo pronto.\" data-message-invalid-email=\"Lo sentimos, parece que la direcci\u00f3n de correo es invalida.\" data-message-required-field-missing=\"Por favor, complete lo campos requeridos.\" data-message-error=\"Oops. Ha ocurrido un error\" data-message-recaptcha-failed=\"reCAPTCHA verification failed. Please try again.\" data-message-recaptcha-low-score=\"Your submission appears to be spam. Please try again.\" action=\"\"><input type=\"hidden\" name=\"_hf_form_id\" value=\"1669\" \/><div style=\"display: none;\"><input type=\"text\" name=\"_hf_h1669\" value=\"\" \/><\/div><div class=\"hf-fields-wrap\"><style> \r\n  #button{margin-top: 1rem;}\r\n  .form {margin-top:1.2rem;}\r\n  input{margin-top: .3rem}\r\n  select{margin-top: .3rem}\r\n  textarea{margin-top: .3rem}\r\n<\/style>\r\n\r\n<div class=\"form\" >\r\n\t<label>Name<\/label>\r\n\t<input type=\"text\" name=\"NAME\" placeholder=\"Your full name\" required \/>\r\n<\/div>\r\n<div class=\"form\">\r\n\t<label>Email<\/label>\r\n\t<input type=\"email\" name=\"EMAIL\" placeholder=\"Valid Email\" required \/>\r\n<\/div>\r\n<div class=\"form\">\r\n\t<label for=\"policy-interest-form-PHONE_NUMBER\">Phone number<\/label>\r\n\t<input type=\"number\" name=\"PHONE_NUMBER\" placeholder=\"Your phone number\" required id=\"policy-interest-form-PHONE_NUMBER\" \/>\r\n<\/div>\r\n<div class=\"form\">\r\n\t<label for=\"policy-interest-form-WHAT_INSURANCE_POLICY_ARE_YOU_INTERESTED_IN\">Which insurance policy are you interested in?<\/label>\r\n\t<select name=\"WHAT_INSURANCE_POLICY_ARE_YOU_INTERESTED_IN[]\" required id=\"policy-interest-form-WHAT_INSURANCE_POLICY_ARE_YOU_INTERESTED_IN\"><option>ACA insurance health<\/option><option>Dental insurance<\/option><option>Vision insurance<\/option><option>Hospital indemnity<\/option><option>Health savings account<\/option><option>Accidental death and dismemberment<\/option><option>Term life insurance<\/option><option>Whole life insurance<\/option><option>Additional riders<\/option><\/select>\r\n<\/div>\r\n<div class=\"form\">\r\n\t<label for=\"policy-interest-form-MESSAGES\">Leave us a message<\/label>\r\n\t<textarea name=\"MESSAGES\" placeholder=\"Leave us a comment if you want specific information, we will be in touch with you.\" id=\"policy-interest-form-MESSAGES\"><\/textarea>\r\n<\/div>\r\n\r\n<div id=\"button\">\r\n\t<input type=\"submit\" value=\"Submit\" \/>\r\n<\/div><noscript>Please enable JavaScript for this form to work.<\/noscript><\/div><input type=\"hidden\" name=\"trp-form-language\" value=\"en\"\/><\/form><!-- \/ HTML Forms --><\/div>\n\t\t\t\t\t\t<\/div>\n\t\t\t\t<\/div>\n\t\t\t\t\t<\/div>\n\t\t\t\t<\/div>\n\t\t\t\t<\/div>","protected":false},"excerpt":{"rendered":"<p>\u00bfCu\u00e1l p\u00f3liza de seguro te interesa? Si estas interesado en una p\u00f3liza de seguro especifica, llena este formulario para poder ayudarte y asesorarte.\u00a0<\/p>","protected":false},"author":2,"featured_media":0,"parent":0,"menu_order":0,"comment_status":"closed","ping_status":"closed","template":"","meta":{"nf_dc_page":"","footnotes":""},"class_list":["post-1583","page","type-page","status-publish","hentry"],"blocksy_meta":[],"yoast_head":"<!-- This site is optimized with the Yoast SEO plugin v27.4 - https:\/\/yoast.com\/product\/yoast-seo-wordpress\/ -->\n<title>What insurance are you interested in? - Arrue Insurane<\/title>\n<meta name=\"robots\" content=\"index, follow, max-snippet:-1, max-image-preview:large, max-video-preview:-1\" \/>\n<link rel=\"canonical\" href=\"https:\/\/arrueinsurance.com\/en\/what-insurance-are-you-interested-in\/\" \/>\n<meta property=\"og:locale\" content=\"en_US\" \/>\n<meta property=\"og:type\" content=\"article\" \/>\n<meta property=\"og:title\" content=\"What insurance are you interested in? - Arrue Insurane\" \/>\n<meta property=\"og:description\" content=\"\u00bfCu\u00e1l p\u00f3liza de seguro te interesa? Si estas interesado en una p\u00f3liza de seguro especifica, llena este formulario para poder ayudarte y asesorarte.\u00a0\" \/>\n<meta property=\"og:url\" content=\"https:\/\/arrueinsurance.com\/en\/what-insurance-are-you-interested-in\/\" \/>\n<meta property=\"og:site_name\" content=\"Arrue Insurane\" \/>\n<meta property=\"article:modified_time\" content=\"2025-08-29T17:01:48+00:00\" \/>\n<meta name=\"twitter:card\" content=\"summary_large_image\" \/>\n<meta name=\"twitter:label1\" content=\"Est. reading time\" \/>\n\t<meta name=\"twitter:data1\" content=\"1 minute\" \/>\n<script type=\"application\/ld+json\" class=\"yoast-schema-graph\">{\"@context\":\"https:\\\/\\\/schema.org\",\"@graph\":[{\"@type\":\"WebPage\",\"@id\":\"https:\\\/\\\/arrueinsurance.com\\\/what-insurance-are-you-interested-in\\\/\",\"url\":\"https:\\\/\\\/arrueinsurance.com\\\/what-insurance-are-you-interested-in\\\/\",\"name\":\"What insurance are you interested in? - Arrue Insurane\",\"isPartOf\":{\"@id\":\"https:\\\/\\\/arrueinsurance.com\\\/#website\"},\"datePublished\":\"2025-08-27T21:33:24+00:00\",\"dateModified\":\"2025-08-29T17:01:48+00:00\",\"breadcrumb\":{\"@id\":\"https:\\\/\\\/arrueinsurance.com\\\/what-insurance-are-you-interested-in\\\/#breadcrumb\"},\"inLanguage\":\"en-US\",\"potentialAction\":[{\"@type\":\"ReadAction\",\"target\":[\"https:\\\/\\\/arrueinsurance.com\\\/what-insurance-are-you-interested-in\\\/\"]}]},{\"@type\":\"BreadcrumbList\",\"@id\":\"https:\\\/\\\/arrueinsurance.com\\\/what-insurance-are-you-interested-in\\\/#breadcrumb\",\"itemListElement\":[{\"@type\":\"ListItem\",\"position\":1,\"name\":\"Home\",\"item\":\"https:\\\/\\\/arrueinsurance.com\\\/\"},{\"@type\":\"ListItem\",\"position\":2,\"name\":\"What insurance are you interested in?\"}]},{\"@type\":\"WebSite\",\"@id\":\"https:\\\/\\\/arrueinsurance.com\\\/#website\",\"url\":\"https:\\\/\\\/arrueinsurance.com\\\/\",\"name\":\"Arrue Insurane\",\"description\":\"\",\"publisher\":{\"@id\":\"https:\\\/\\\/arrueinsurance.com\\\/#organization\"},\"potentialAction\":[{\"@type\":\"SearchAction\",\"target\":{\"@type\":\"EntryPoint\",\"urlTemplate\":\"https:\\\/\\\/arrueinsurance.com\\\/?s={search_term_string}\"},\"query-input\":{\"@type\":\"PropertyValueSpecification\",\"valueRequired\":true,\"valueName\":\"search_term_string\"}}],\"inLanguage\":\"en-US\"},{\"@type\":\"Organization\",\"@id\":\"https:\\\/\\\/arrueinsurance.com\\\/#organization\",\"name\":\"Arrue Insurane\",\"url\":\"https:\\\/\\\/arrueinsurance.com\\\/\",\"logo\":{\"@type\":\"ImageObject\",\"inLanguage\":\"en-US\",\"@id\":\"https:\\\/\\\/arrueinsurance.com\\\/#\\\/schema\\\/logo\\\/image\\\/\",\"url\":\"https:\\\/\\\/i0.wp.com\\\/arrueinsurance.com\\\/wp-content\\\/uploads\\\/2025\\\/07\\\/Logo-Channy-a-color-scaled.png?fit=2560%2C629&ssl=1\",\"contentUrl\":\"https:\\\/\\\/i0.wp.com\\\/arrueinsurance.com\\\/wp-content\\\/uploads\\\/2025\\\/07\\\/Logo-Channy-a-color-scaled.png?fit=2560%2C629&ssl=1\",\"width\":2560,\"height\":629,\"caption\":\"Arrue Insurane\"},\"image\":{\"@id\":\"https:\\\/\\\/arrueinsurance.com\\\/#\\\/schema\\\/logo\\\/image\\\/\"}}]}<\/script>\n<!-- \/ Yoast SEO plugin. -->","yoast_head_json":{"title":"What insurance are you interested in? - Arrue Insurane","robots":{"index":"index","follow":"follow","max-snippet":"max-snippet:-1","max-image-preview":"max-image-preview:large","max-video-preview":"max-video-preview:-1"},"canonical":"https:\/\/arrueinsurance.com\/en\/what-insurance-are-you-interested-in\/","og_locale":"en_US","og_type":"article","og_title":"What insurance are you interested in? - Arrue Insurane","og_description":"\u00bfCu\u00e1l p\u00f3liza de seguro te interesa? Si estas interesado en una p\u00f3liza de seguro especifica, llena este formulario para poder ayudarte y asesorarte.\u00a0","og_url":"https:\/\/arrueinsurance.com\/en\/what-insurance-are-you-interested-in\/","og_site_name":"Arrue Insurane","article_modified_time":"2025-08-29T17:01:48+00:00","twitter_card":"summary_large_image","twitter_misc":{"Est. reading time":"1 minute"},"schema":{"@context":"https:\/\/schema.org","@graph":[{"@type":"WebPage","@id":"https:\/\/arrueinsurance.com\/what-insurance-are-you-interested-in\/","url":"https:\/\/arrueinsurance.com\/what-insurance-are-you-interested-in\/","name":"What insurance are you interested in? - Arrue Insurane","isPartOf":{"@id":"https:\/\/arrueinsurance.com\/#website"},"datePublished":"2025-08-27T21:33:24+00:00","dateModified":"2025-08-29T17:01:48+00:00","breadcrumb":{"@id":"https:\/\/arrueinsurance.com\/what-insurance-are-you-interested-in\/#breadcrumb"},"inLanguage":"en-US","potentialAction":[{"@type":"ReadAction","target":["https:\/\/arrueinsurance.com\/what-insurance-are-you-interested-in\/"]}]},{"@type":"BreadcrumbList","@id":"https:\/\/arrueinsurance.com\/what-insurance-are-you-interested-in\/#breadcrumb","itemListElement":[{"@type":"ListItem","position":1,"name":"Home","item":"https:\/\/arrueinsurance.com\/"},{"@type":"ListItem","position":2,"name":"What insurance are you interested in?"}]},{"@type":"WebSite","@id":"https:\/\/arrueinsurance.com\/#website","url":"https:\/\/arrueinsurance.com\/","name":"Arrue Insurane","description":"","publisher":{"@id":"https:\/\/arrueinsurance.com\/#organization"},"potentialAction":[{"@type":"SearchAction","target":{"@type":"EntryPoint","urlTemplate":"https:\/\/arrueinsurance.com\/?s={search_term_string}"},"query-input":{"@type":"PropertyValueSpecification","valueRequired":true,"valueName":"search_term_string"}}],"inLanguage":"en-US"},{"@type":"Organization","@id":"https:\/\/arrueinsurance.com\/#organization","name":"Arrue Insurane","url":"https:\/\/arrueinsurance.com\/","logo":{"@type":"ImageObject","inLanguage":"en-US","@id":"https:\/\/arrueinsurance.com\/#\/schema\/logo\/image\/","url":"https:\/\/i0.wp.com\/arrueinsurance.com\/wp-content\/uploads\/2025\/07\/Logo-Channy-a-color-scaled.png?fit=2560%2C629&ssl=1","contentUrl":"https:\/\/i0.wp.com\/arrueinsurance.com\/wp-content\/uploads\/2025\/07\/Logo-Channy-a-color-scaled.png?fit=2560%2C629&ssl=1","width":2560,"height":629,"caption":"Arrue Insurane"},"image":{"@id":"https:\/\/arrueinsurance.com\/#\/schema\/logo\/image\/"}}]}},"jetpack_sharing_enabled":true,"_links":{"self":[{"href":"https:\/\/arrueinsurance.com\/en\/wp-json\/wp\/v2\/pages\/1583","targetHints":{"allow":["GET"]}}],"collection":[{"href":"https:\/\/arrueinsurance.com\/en\/wp-json\/wp\/v2\/pages"}],"about":[{"href":"https:\/\/arrueinsurance.com\/en\/wp-json\/wp\/v2\/types\/page"}],"author":[{"embeddable":true,"href":"https:\/\/arrueinsurance.com\/en\/wp-json\/wp\/v2\/users\/2"}],"replies":[{"embeddable":true,"href":"https:\/\/arrueinsurance.com\/en\/wp-json\/wp\/v2\/comments?post=1583"}],"version-history":[{"count":5,"href":"https:\/\/arrueinsurance.com\/en\/wp-json\/wp\/v2\/pages\/1583\/revisions"}],"predecessor-version":[{"id":1695,"href":"https:\/\/arrueinsurance.com\/en\/wp-json\/wp\/v2\/pages\/1583\/revisions\/1695"}],"wp:attachment":[{"href":"https:\/\/arrueinsurance.com\/en\/wp-json\/wp\/v2\/media?parent=1583"}],"curies":[{"name":"wp","href":"https:\/\/api.w.org\/{rel}","templated":true}]}}