{"id":373,"date":"2025-07-25T10:06:23","date_gmt":"2025-07-25T10:06:23","guid":{"rendered":"https:\/\/arrueinsurance.com\/?page_id=373"},"modified":"2025-08-06T13:14:54","modified_gmt":"2025-08-06T13:14:54","slug":"jacob-zechmann-bio","status":"publish","type":"page","link":"https:\/\/arrueinsurance.com\/en\/about-us\/jacob-zechmann-bio\/","title":{"rendered":"Jacob Zechmann Bio"},"content":{"rendered":"<div data-elementor-type=\"wp-page\" data-elementor-id=\"373\" class=\"elementor elementor-373\">\n\t\t\t\t<div class=\"elementor-element elementor-element-e0ece23 e-flex e-con-boxed e-con e-parent\" data-id=\"e0ece23\" data-element_type=\"container\" data-e-type=\"container\">\n\t\t\t\t\t<div class=\"e-con-inner\">\n\t\t\t\t<div class=\"elementor-element elementor-element-5eefd62 e-transform elementor-widget__width-initial elementor-widget elementor-widget-image\" data-id=\"5eefd62\" data-element_type=\"widget\" data-e-type=\"widget\" data-settings=\"{&quot;_transform_translateX_effect&quot;:{&quot;unit&quot;:&quot;px&quot;,&quot;size&quot;:0,&quot;sizes&quot;:[]},&quot;_transform_translateX_effect_tablet&quot;:{&quot;unit&quot;:&quot;px&quot;,&quot;size&quot;:&quot;&quot;,&quot;sizes&quot;:[]},&quot;_transform_translateX_effect_mobile&quot;:{&quot;unit&quot;:&quot;px&quot;,&quot;size&quot;:&quot;&quot;,&quot;sizes&quot;:[]},&quot;_transform_translateY_effect&quot;:{&quot;unit&quot;:&quot;px&quot;,&quot;size&quot;:&quot;&quot;,&quot;sizes&quot;:[]},&quot;_transform_translateY_effect_tablet&quot;:{&quot;unit&quot;:&quot;px&quot;,&quot;size&quot;:&quot;&quot;,&quot;sizes&quot;:[]},&quot;_transform_translateY_effect_mobile&quot;:{&quot;unit&quot;:&quot;px&quot;,&quot;size&quot;:&quot;&quot;,&quot;sizes&quot;:[]}}\" data-widget_type=\"image.default\">\n\t\t\t\t\t\t\t\t\t\t\t\t\t\t\t<img loading=\"lazy\" decoding=\"async\" width=\"1004\" height=\"1024\" src=\"https:\/\/i0.wp.com\/arrueinsurance.com\/wp-content\/uploads\/2025\/07\/Jacob-BW-No-Background.webp?fit=1004%2C1024&amp;ssl=1\" class=\"attachment-large size-large wp-image-377\" alt=\"Jacob Zechmann\" srcset=\"https:\/\/i0.wp.com\/arrueinsurance.com\/wp-content\/uploads\/2025\/07\/Jacob-BW-No-Background.webp?w=2008&amp;ssl=1 2008w, https:\/\/i0.wp.com\/arrueinsurance.com\/wp-content\/uploads\/2025\/07\/Jacob-BW-No-Background.webp?resize=294%2C300&amp;ssl=1 294w, https:\/\/i0.wp.com\/arrueinsurance.com\/wp-content\/uploads\/2025\/07\/Jacob-BW-No-Background.webp?resize=1004%2C1024&amp;ssl=1 1004w, https:\/\/i0.wp.com\/arrueinsurance.com\/wp-content\/uploads\/2025\/07\/Jacob-BW-No-Background.webp?resize=768%2C783&amp;ssl=1 768w, https:\/\/i0.wp.com\/arrueinsurance.com\/wp-content\/uploads\/2025\/07\/Jacob-BW-No-Background.webp?resize=1506%2C1536&amp;ssl=1 1506w, https:\/\/i0.wp.com\/arrueinsurance.com\/wp-content\/uploads\/2025\/07\/Jacob-BW-No-Background.webp?resize=12%2C12&amp;ssl=1 12w\" sizes=\"auto, (max-width: 1004px) 100vw, 1004px\" \/>\t\t\t\t\t\t\t\t\t\t\t\t\t\t\t<\/div>\n\t\t<div class=\"elementor-element elementor-element-75fe723 e-con-full e-flex e-con e-child\" data-id=\"75fe723\" data-element_type=\"container\" data-e-type=\"container\">\n\t\t\t\t<div class=\"elementor-element elementor-element-ff5ac2e elementor-widget__width-initial elementor-widget elementor-widget-heading\" data-id=\"ff5ac2e\" data-element_type=\"widget\" data-e-type=\"widget\" data-widget_type=\"heading.default\">\n\t\t\t\t\t<h2 class=\"elementor-heading-title elementor-size-default\">Jacob Zechmann<\/h2>\t\t\t\t<\/div>\n\t\t\t\t<div class=\"elementor-element elementor-element-3725dbb elementor-widget__width-initial elementor-widget-divider--view-line elementor-widget elementor-widget-divider\" data-id=\"3725dbb\" data-element_type=\"widget\" data-e-type=\"widget\" data-widget_type=\"divider.default\">\n\t\t\t\t\t\t\t<div class=\"elementor-divider\">\n\t\t\t<span class=\"elementor-divider-separator\">\n\t\t\t\t\t\t<\/span>\n\t\t<\/div>\n\t\t\t\t\t\t<\/div>\n\t\t\t\t<div class=\"elementor-element elementor-element-2ef68ea elementor-widget__width-initial elementor-widget elementor-widget-text-editor\" data-id=\"2ef68ea\" data-element_type=\"widget\" data-e-type=\"widget\" data-widget_type=\"text-editor.default\">\n\t\t\t\t\t\t\t\t\t<p>I am an electrical engineer and a licensed health and life insurance agent, and I want Zechmann-Arrue Insurance to be your agent. My spouse and business partner is Roxana \u201cChanny\u201d Zechmann-Arrue. I received my Master\u2019s Degree in Electrical Engineer from Oregon State University.<\/p><p>The insurance policies we sell, we use ourselves, health, term life, and whole life insurance. We support middle to low-income families. We are a middle-income family too.<\/p><p>We help families find appropriate healthcare and life insurance solutions for their needs.<\/p>\t\t\t\t\t\t\t\t<\/div>\n\t\t\t\t<div class=\"elementor-element elementor-element-1640247 elementor-align-center elementor-widget elementor-widget-button\" data-id=\"1640247\" data-element_type=\"widget\" data-e-type=\"widget\" data-widget_type=\"button.default\">\n\t\t\t\t\t\t\t\t\t\t<a class=\"elementor-button elementor-button-link elementor-size-sm\" href=\"#\">\n\t\t\t\t\t\t<span class=\"elementor-button-content-wrapper\">\n\t\t\t\t\t\t\t\t\t<span class=\"elementor-button-text\">Contact us<\/span>\n\t\t\t\t\t<\/span>\n\t\t\t\t\t<\/a>\n\t\t\t\t\t\t\t\t<\/div>\n\t\t\t\t<\/div>\n\t\t\t\t\t<\/div>\n\t\t\t\t<\/div>\n\t\t\t\t<\/div>","protected":false},"excerpt":{"rendered":"<p>Jacob Zechmann Soy ingeniero el\u00e9ctrico y agente de seguros de salud y vida con licencia, y quiero que Zechmann-Arrue Insurance sea su agente. Mi esposa y socia es Roxana \u201cChanny\u201d Zechmann-Arrue. Obtuve mi maestr\u00eda en Ingenier\u00eda El\u00e9ctrica en la Universidad Estatal de Oreg\u00f3n. Las p\u00f3lizas de seguro que vendemos, las usamos nosotros mismos: seguro m\u00e9dico, [&hellip;]<\/p>\n","protected":false},"author":2,"featured_media":0,"parent":56,"menu_order":0,"comment_status":"closed","ping_status":"closed","template":"","meta":{"nf_dc_page":"","footnotes":""},"class_list":["post-373","page","type-page","status-publish","hentry"],"blocksy_meta":[],"yoast_head":"<!-- This site is optimized with the Yoast SEO plugin v27.4 - https:\/\/yoast.com\/product\/yoast-seo-wordpress\/ -->\n<title>Jacob Zechmann Bio - Arrue Insurane<\/title>\n<meta name=\"robots\" content=\"index, follow, max-snippet:-1, max-image-preview:large, max-video-preview:-1\" \/>\n<link rel=\"canonical\" href=\"https:\/\/arrueinsurance.com\/en\/about-us\/jacob-zechmann-bio\/\" \/>\n<meta property=\"og:locale\" content=\"en_US\" \/>\n<meta property=\"og:type\" content=\"article\" \/>\n<meta property=\"og:title\" content=\"Jacob Zechmann Bio - Arrue Insurane\" \/>\n<meta property=\"og:description\" content=\"Jacob Zechmann Soy ingeniero el\u00e9ctrico y agente de seguros de salud y vida con licencia, y quiero que Zechmann-Arrue Insurance sea su agente. Mi esposa y socia es Roxana \u201cChanny\u201d Zechmann-Arrue. Obtuve mi maestr\u00eda en Ingenier\u00eda El\u00e9ctrica en la Universidad Estatal de Oreg\u00f3n. Las p\u00f3lizas de seguro que vendemos, las usamos nosotros mismos: seguro m\u00e9dico, [&hellip;]\" \/>\n<meta property=\"og:url\" content=\"https:\/\/arrueinsurance.com\/en\/about-us\/jacob-zechmann-bio\/\" \/>\n<meta property=\"og:site_name\" content=\"Arrue Insurane\" \/>\n<meta property=\"article:modified_time\" content=\"2025-08-06T13:14:54+00:00\" \/>\n<meta property=\"og:image\" content=\"https:\/\/arrueinsurance.com\/wp-content\/uploads\/2025\/07\/Jacob-BW-No-Background-1004x1024.webp\" \/>\n<meta name=\"twitter:card\" content=\"summary_large_image\" \/>\n<meta name=\"twitter:label1\" content=\"Est. reading time\" \/>\n\t<meta name=\"twitter:data1\" content=\"1 minute\" \/>\n<script type=\"application\/ld+json\" class=\"yoast-schema-graph\">{\"@context\":\"https:\\\/\\\/schema.org\",\"@graph\":[{\"@type\":\"WebPage\",\"@id\":\"https:\\\/\\\/arrueinsurance.com\\\/about-us\\\/jacob-zechmann-bio\\\/\",\"url\":\"https:\\\/\\\/arrueinsurance.com\\\/about-us\\\/jacob-zechmann-bio\\\/\",\"name\":\"Jacob Zechmann Bio - Arrue Insurane\",\"isPartOf\":{\"@id\":\"https:\\\/\\\/arrueinsurance.com\\\/#website\"},\"primaryImageOfPage\":{\"@id\":\"https:\\\/\\\/arrueinsurance.com\\\/about-us\\\/jacob-zechmann-bio\\\/#primaryimage\"},\"image\":{\"@id\":\"https:\\\/\\\/arrueinsurance.com\\\/about-us\\\/jacob-zechmann-bio\\\/#primaryimage\"},\"thumbnailUrl\":\"https:\\\/\\\/arrueinsurance.com\\\/wp-content\\\/uploads\\\/2025\\\/07\\\/Jacob-BW-No-Background-1004x1024.webp\",\"datePublished\":\"2025-07-25T10:06:23+00:00\",\"dateModified\":\"2025-08-06T13:14:54+00:00\",\"breadcrumb\":{\"@id\":\"https:\\\/\\\/arrueinsurance.com\\\/about-us\\\/jacob-zechmann-bio\\\/#breadcrumb\"},\"inLanguage\":\"en-US\",\"potentialAction\":[{\"@type\":\"ReadAction\",\"target\":[\"https:\\\/\\\/arrueinsurance.com\\\/about-us\\\/jacob-zechmann-bio\\\/\"]}]},{\"@type\":\"ImageObject\",\"inLanguage\":\"en-US\",\"@id\":\"https:\\\/\\\/arrueinsurance.com\\\/about-us\\\/jacob-zechmann-bio\\\/#primaryimage\",\"url\":\"https:\\\/\\\/arrueinsurance.com\\\/wp-content\\\/uploads\\\/2025\\\/07\\\/Jacob-BW-No-Background-1004x1024.webp\",\"contentUrl\":\"https:\\\/\\\/arrueinsurance.com\\\/wp-content\\\/uploads\\\/2025\\\/07\\\/Jacob-BW-No-Background-1004x1024.webp\"},{\"@type\":\"BreadcrumbList\",\"@id\":\"https:\\\/\\\/arrueinsurance.com\\\/about-us\\\/jacob-zechmann-bio\\\/#breadcrumb\",\"itemListElement\":[{\"@type\":\"ListItem\",\"position\":1,\"name\":\"Home\",\"item\":\"https:\\\/\\\/arrueinsurance.com\\\/\"},{\"@type\":\"ListItem\",\"position\":2,\"name\":\"About Us\",\"item\":\"https:\\\/\\\/arrueinsurance.com\\\/about-us\\\/\"},{\"@type\":\"ListItem\",\"position\":3,\"name\":\"Jacob Zechmann Bio\"}]},{\"@type\":\"WebSite\",\"@id\":\"https:\\\/\\\/arrueinsurance.com\\\/#website\",\"url\":\"https:\\\/\\\/arrueinsurance.com\\\/\",\"name\":\"Arrue Insurane\",\"description\":\"\",\"publisher\":{\"@id\":\"https:\\\/\\\/arrueinsurance.com\\\/#organization\"},\"potentialAction\":[{\"@type\":\"SearchAction\",\"target\":{\"@type\":\"EntryPoint\",\"urlTemplate\":\"https:\\\/\\\/arrueinsurance.com\\\/?s={search_term_string}\"},\"query-input\":{\"@type\":\"PropertyValueSpecification\",\"valueRequired\":true,\"valueName\":\"search_term_string\"}}],\"inLanguage\":\"en-US\"},{\"@type\":\"Organization\",\"@id\":\"https:\\\/\\\/arrueinsurance.com\\\/#organization\",\"name\":\"Arrue Insurane\",\"url\":\"https:\\\/\\\/arrueinsurance.com\\\/\",\"logo\":{\"@type\":\"ImageObject\",\"inLanguage\":\"en-US\",\"@id\":\"https:\\\/\\\/arrueinsurance.com\\\/#\\\/schema\\\/logo\\\/image\\\/\",\"url\":\"https:\\\/\\\/i0.wp.com\\\/arrueinsurance.com\\\/wp-content\\\/uploads\\\/2025\\\/07\\\/Logo-Channy-a-color-scaled.png?fit=2560%2C629&ssl=1\",\"contentUrl\":\"https:\\\/\\\/i0.wp.com\\\/arrueinsurance.com\\\/wp-content\\\/uploads\\\/2025\\\/07\\\/Logo-Channy-a-color-scaled.png?fit=2560%2C629&ssl=1\",\"width\":2560,\"height\":629,\"caption\":\"Arrue Insurane\"},\"image\":{\"@id\":\"https:\\\/\\\/arrueinsurance.com\\\/#\\\/schema\\\/logo\\\/image\\\/\"}}]}<\/script>\n<!-- \/ Yoast SEO plugin. -->","yoast_head_json":{"title":"Jacob Zechmann Bio - Arrue Insurane","robots":{"index":"index","follow":"follow","max-snippet":"max-snippet:-1","max-image-preview":"max-image-preview:large","max-video-preview":"max-video-preview:-1"},"canonical":"https:\/\/arrueinsurance.com\/en\/about-us\/jacob-zechmann-bio\/","og_locale":"en_US","og_type":"article","og_title":"Jacob Zechmann Bio - Arrue Insurane","og_description":"Jacob Zechmann Soy ingeniero el\u00e9ctrico y agente de seguros de salud y vida con licencia, y quiero que Zechmann-Arrue Insurance sea su agente. Mi esposa y socia es Roxana \u201cChanny\u201d Zechmann-Arrue. Obtuve mi maestr\u00eda en Ingenier\u00eda El\u00e9ctrica en la Universidad Estatal de Oreg\u00f3n. Las p\u00f3lizas de seguro que vendemos, las usamos nosotros mismos: seguro m\u00e9dico, [&hellip;]","og_url":"https:\/\/arrueinsurance.com\/en\/about-us\/jacob-zechmann-bio\/","og_site_name":"Arrue Insurane","article_modified_time":"2025-08-06T13:14:54+00:00","og_image":[{"url":"https:\/\/arrueinsurance.com\/wp-content\/uploads\/2025\/07\/Jacob-BW-No-Background-1004x1024.webp","type":"","width":"","height":""}],"twitter_card":"summary_large_image","twitter_misc":{"Est. reading time":"1 minute"},"schema":{"@context":"https:\/\/schema.org","@graph":[{"@type":"WebPage","@id":"https:\/\/arrueinsurance.com\/about-us\/jacob-zechmann-bio\/","url":"https:\/\/arrueinsurance.com\/about-us\/jacob-zechmann-bio\/","name":"Jacob Zechmann Bio - Arrue Insurane","isPartOf":{"@id":"https:\/\/arrueinsurance.com\/#website"},"primaryImageOfPage":{"@id":"https:\/\/arrueinsurance.com\/about-us\/jacob-zechmann-bio\/#primaryimage"},"image":{"@id":"https:\/\/arrueinsurance.com\/about-us\/jacob-zechmann-bio\/#primaryimage"},"thumbnailUrl":"https:\/\/arrueinsurance.com\/wp-content\/uploads\/2025\/07\/Jacob-BW-No-Background-1004x1024.webp","datePublished":"2025-07-25T10:06:23+00:00","dateModified":"2025-08-06T13:14:54+00:00","breadcrumb":{"@id":"https:\/\/arrueinsurance.com\/about-us\/jacob-zechmann-bio\/#breadcrumb"},"inLanguage":"en-US","potentialAction":[{"@type":"ReadAction","target":["https:\/\/arrueinsurance.com\/about-us\/jacob-zechmann-bio\/"]}]},{"@type":"ImageObject","inLanguage":"en-US","@id":"https:\/\/arrueinsurance.com\/about-us\/jacob-zechmann-bio\/#primaryimage","url":"https:\/\/arrueinsurance.com\/wp-content\/uploads\/2025\/07\/Jacob-BW-No-Background-1004x1024.webp","contentUrl":"https:\/\/arrueinsurance.com\/wp-content\/uploads\/2025\/07\/Jacob-BW-No-Background-1004x1024.webp"},{"@type":"BreadcrumbList","@id":"https:\/\/arrueinsurance.com\/about-us\/jacob-zechmann-bio\/#breadcrumb","itemListElement":[{"@type":"ListItem","position":1,"name":"Home","item":"https:\/\/arrueinsurance.com\/"},{"@type":"ListItem","position":2,"name":"About Us","item":"https:\/\/arrueinsurance.com\/about-us\/"},{"@type":"ListItem","position":3,"name":"Jacob Zechmann Bio"}]},{"@type":"WebSite","@id":"https:\/\/arrueinsurance.com\/#website","url":"https:\/\/arrueinsurance.com\/","name":"Arrue Insurane","description":"","publisher":{"@id":"https:\/\/arrueinsurance.com\/#organization"},"potentialAction":[{"@type":"SearchAction","target":{"@type":"EntryPoint","urlTemplate":"https:\/\/arrueinsurance.com\/?s={search_term_string}"},"query-input":{"@type":"PropertyValueSpecification","valueRequired":true,"valueName":"search_term_string"}}],"inLanguage":"en-US"},{"@type":"Organization","@id":"https:\/\/arrueinsurance.com\/#organization","name":"Arrue Insurane","url":"https:\/\/arrueinsurance.com\/","logo":{"@type":"ImageObject","inLanguage":"en-US","@id":"https:\/\/arrueinsurance.com\/#\/schema\/logo\/image\/","url":"https:\/\/i0.wp.com\/arrueinsurance.com\/wp-content\/uploads\/2025\/07\/Logo-Channy-a-color-scaled.png?fit=2560%2C629&ssl=1","contentUrl":"https:\/\/i0.wp.com\/arrueinsurance.com\/wp-content\/uploads\/2025\/07\/Logo-Channy-a-color-scaled.png?fit=2560%2C629&ssl=1","width":2560,"height":629,"caption":"Arrue Insurane"},"image":{"@id":"https:\/\/arrueinsurance.com\/#\/schema\/logo\/image\/"}}]}},"jetpack_sharing_enabled":true,"_links":{"self":[{"href":"https:\/\/arrueinsurance.com\/en\/wp-json\/wp\/v2\/pages\/373","targetHints":{"allow":["GET"]}}],"collection":[{"href":"https:\/\/arrueinsurance.com\/en\/wp-json\/wp\/v2\/pages"}],"about":[{"href":"https:\/\/arrueinsurance.com\/en\/wp-json\/wp\/v2\/types\/page"}],"author":[{"embeddable":true,"href":"https:\/\/arrueinsurance.com\/en\/wp-json\/wp\/v2\/users\/2"}],"replies":[{"embeddable":true,"href":"https:\/\/arrueinsurance.com\/en\/wp-json\/wp\/v2\/comments?post=373"}],"version-history":[{"count":5,"href":"https:\/\/arrueinsurance.com\/en\/wp-json\/wp\/v2\/pages\/373\/revisions"}],"predecessor-version":[{"id":856,"href":"https:\/\/arrueinsurance.com\/en\/wp-json\/wp\/v2\/pages\/373\/revisions\/856"}],"up":[{"embeddable":true,"href":"https:\/\/arrueinsurance.com\/en\/wp-json\/wp\/v2\/pages\/56"}],"wp:attachment":[{"href":"https:\/\/arrueinsurance.com\/en\/wp-json\/wp\/v2\/media?parent=373"}],"curies":[{"name":"wp","href":"https:\/\/api.w.org\/{rel}","templated":true}]}}