{"id":56,"date":"2025-07-11T00:00:13","date_gmt":"2025-07-11T00:00:13","guid":{"rendered":"https:\/\/arrueinsurance.com\/?page_id=56"},"modified":"2025-08-07T11:47:02","modified_gmt":"2025-08-07T11:47:02","slug":"about-us","status":"publish","type":"page","link":"https:\/\/arrueinsurance.com\/en\/about-us\/","title":{"rendered":"About Us"},"content":{"rendered":"<div data-elementor-type=\"wp-page\" data-elementor-id=\"56\" class=\"elementor elementor-56\">\n\t\t\t\t<div class=\"elementor-element elementor-element-57b2f44 e-flex e-con-boxed e-con e-parent\" data-id=\"57b2f44\" data-element_type=\"container\" data-e-type=\"container\">\n\t\t\t\t\t<div class=\"e-con-inner\">\n\t\t\t\t<div class=\"elementor-element elementor-element-e3280c6 elementor-widget elementor-widget-heading\" data-id=\"e3280c6\" data-element_type=\"widget\" data-e-type=\"widget\" data-widget_type=\"heading.default\">\n\t\t\t\t\t<h2 class=\"elementor-heading-title elementor-size-default\">Your peace of mind is our reason for being<\/h2>\t\t\t\t<\/div>\n\t\t\t\t<div class=\"elementor-element elementor-element-37c7cf8 elementor-widget elementor-widget-text-editor\" data-id=\"37c7cf8\" data-element_type=\"widget\" data-e-type=\"widget\" data-widget_type=\"text-editor.default\">\n\t\t\t\t\t\t\t\t\t<p>We are dedicated to protecting what you value most.<\/p>\t\t\t\t\t\t\t\t<\/div>\n\t\t\t\t<div class=\"elementor-element elementor-element-4927bde elementor-widget elementor-widget-image\" data-id=\"4927bde\" data-element_type=\"widget\" data-e-type=\"widget\" data-widget_type=\"image.default\">\n\t\t\t\t\t\t\t\t\t\t\t\t\t\t\t<img data-recalc-dims=\"1\" decoding=\"async\" src=\"https:\/\/i0.wp.com\/arrueinsurance.com\/wp-content\/uploads\/2025\/08\/Diseno-sin-titulo.png?w=1140&#038;ssl=1\" title=\"\" alt=\"Arrue Insurance\" loading=\"lazy\" \/>\t\t\t\t\t\t\t\t\t\t\t\t\t\t\t<\/div>\n\t\t\t\t\t<\/div>\n\t\t\t\t<\/div>\n\t\t<div class=\"elementor-element elementor-element-816f458 e-flex e-con-boxed e-con e-parent\" data-id=\"816f458\" data-element_type=\"container\" data-e-type=\"container\">\n\t\t\t\t\t<div class=\"e-con-inner\">\n\t\t<div class=\"elementor-element elementor-element-62601af e-con-full e-flex e-con e-child\" data-id=\"62601af\" data-element_type=\"container\" data-e-type=\"container\">\n\t\t\t\t<div class=\"elementor-element elementor-element-144daf2 elementor-widget elementor-widget-heading\" data-id=\"144daf2\" data-element_type=\"widget\" data-e-type=\"widget\" data-widget_type=\"heading.default\">\n\t\t\t\t\t<h3 class=\"elementor-heading-title elementor-size-default\">Clear solutions to protect you and those you love most.<\/h3>\t\t\t\t<\/div>\n\t\t\t\t<\/div>\n\t\t<div class=\"elementor-element elementor-element-cf5de37 e-con-full e-flex e-con e-child\" data-id=\"cf5de37\" data-element_type=\"container\" data-e-type=\"container\">\n\t\t\t\t<div class=\"elementor-element elementor-element-48be88e elementor-widget elementor-widget-text-editor\" data-id=\"48be88e\" data-element_type=\"widget\" data-e-type=\"widget\" data-widget_type=\"text-editor.default\">\n\t\t\t\t\t\t\t\t\t<p>Our mission is not only to offer you a coverage plan, but to help you understand it and choose with confidence. We take the time to listen to your situation, answer your questions, and guide you through the process with clarity, empathy, and commitment. Because for us, every client is a person with unique needs.<\/p>\t\t\t\t\t\t\t\t<\/div>\n\t\t\t\t<\/div>\n\t\t\t\t\t<\/div>\n\t\t\t\t<\/div>\n\t\t<div class=\"elementor-element elementor-element-51d7ac1 e-flex e-con-boxed e-con e-parent\" data-id=\"51d7ac1\" data-element_type=\"container\" data-e-type=\"container\">\n\t\t\t\t\t<div class=\"e-con-inner\">\n\t\t<div class=\"elementor-element elementor-element-80b96b4 e-con-full e-flex e-con e-child\" data-id=\"80b96b4\" data-element_type=\"container\" data-e-type=\"container\" data-settings=\"{&quot;background_background&quot;:&quot;classic&quot;}\">\n\t\t\t\t<div class=\"elementor-element elementor-element-c4059a7 elementor-widget elementor-widget-heading\" data-id=\"c4059a7\" data-element_type=\"widget\" data-e-type=\"widget\" data-widget_type=\"heading.default\">\n\t\t\t\t\t<h4 class=\"elementor-heading-title elementor-size-default\">Life and health insurance tailored to you<\/h4>\t\t\t\t<\/div>\n\t\t\t\t<div class=\"elementor-element elementor-element-0e2d748 elementor-widget elementor-widget-text-editor\" data-id=\"0e2d748\" data-element_type=\"widget\" data-e-type=\"widget\" data-widget_type=\"text-editor.default\">\n\t\t\t\t\t\t\t\t\t<p>Take a look at our insurance plans<\/p>\t\t\t\t\t\t\t\t<\/div>\n\t\t\t\t<div class=\"elementor-element elementor-element-6da5444 elementor-align-center elementor-widget elementor-widget-button\" data-id=\"6da5444\" data-element_type=\"widget\" data-e-type=\"widget\" data-widget_type=\"button.default\">\n\t\t\t\t\t\t\t\t\t\t<a class=\"elementor-button elementor-button-link elementor-size-sm\" href=\"\/en\/insurance\/\">\n\t\t\t\t\t\t<span class=\"elementor-button-content-wrapper\">\n\t\t\t\t\t\t\t\t\t<span class=\"elementor-button-text\">View coverage plans<\/span>\n\t\t\t\t\t<\/span>\n\t\t\t\t\t<\/a>\n\t\t\t\t\t\t\t\t<\/div>\n\t\t\t\t<\/div>\n\t\t\t\t\t<\/div>\n\t\t\t\t<\/div>\n\t\t<div class=\"elementor-element elementor-element-22433fb e-flex e-con-boxed e-con e-parent\" data-id=\"22433fb\" data-element_type=\"container\" data-e-type=\"container\" data-settings=\"{&quot;background_background&quot;:&quot;classic&quot;}\">\n\t\t\t\t\t<div class=\"e-con-inner\">\n\t\t\t\t<div class=\"elementor-element elementor-element-1fcb430 elementor-widget__width-initial elementor-widget elementor-widget-heading\" data-id=\"1fcb430\" data-element_type=\"widget\" data-e-type=\"widget\" data-widget_type=\"heading.default\">\n\t\t\t\t\t<h3 class=\"elementor-heading-title elementor-size-default\">Real people, real solutions. This is how we work for your well-being.<\/h3>\t\t\t\t<\/div>\n\t\t\t\t<div class=\"elementor-element elementor-element-a9269bd elementor-widget elementor-widget-text-editor\" data-id=\"a9269bd\" data-element_type=\"widget\" data-e-type=\"widget\" data-widget_type=\"text-editor.default\">\n\t\t\t\t\t\t\t\t\t<p>Meet our team<\/p>\t\t\t\t\t\t\t\t<\/div>\n\t\t<div class=\"elementor-element elementor-element-44f82ec e-con-full e-flex e-con e-child\" data-id=\"44f82ec\" data-element_type=\"container\" data-e-type=\"container\">\n\t\t<div class=\"elementor-element elementor-element-8e00334 e-con-full e-flex e-con e-child\" data-id=\"8e00334\" data-element_type=\"container\" data-e-type=\"container\" data-settings=\"{&quot;background_background&quot;:&quot;classic&quot;}\">\n\t\t\t\t<div class=\"elementor-element elementor-element-ae97547 elementor-widget elementor-widget-image\" data-id=\"ae97547\" data-element_type=\"widget\" data-e-type=\"widget\" data-widget_type=\"image.default\">\n\t\t\t\t\t\t\t\t\t\t\t\t\t\t\t<img loading=\"lazy\" decoding=\"async\" width=\"655\" height=\"655\" src=\"https:\/\/i0.wp.com\/arrueinsurance.com\/wp-content\/uploads\/2025\/08\/5-e1754452772215.png?fit=655%2C655&amp;ssl=1\" class=\"attachment-large size-large wp-image-774\" alt=\"Channy Arrue\" srcset=\"https:\/\/i0.wp.com\/arrueinsurance.com\/wp-content\/uploads\/2025\/08\/5-e1754452772215.png?w=655&amp;ssl=1 655w, https:\/\/i0.wp.com\/arrueinsurance.com\/wp-content\/uploads\/2025\/08\/5-e1754452772215.png?resize=300%2C300&amp;ssl=1 300w, https:\/\/i0.wp.com\/arrueinsurance.com\/wp-content\/uploads\/2025\/08\/5-e1754452772215.png?resize=150%2C150&amp;ssl=1 150w, https:\/\/i0.wp.com\/arrueinsurance.com\/wp-content\/uploads\/2025\/08\/5-e1754452772215.png?resize=12%2C12&amp;ssl=1 12w\" sizes=\"auto, (max-width: 655px) 100vw, 655px\" \/>\t\t\t\t\t\t\t\t\t\t\t\t\t\t\t<\/div>\n\t\t\t\t<div class=\"elementor-element elementor-element-820a35c elementor-widget__width-initial elementor-widget elementor-widget-heading\" data-id=\"820a35c\" data-element_type=\"widget\" data-e-type=\"widget\" data-widget_type=\"heading.default\">\n\t\t\t\t\t<h3 class=\"elementor-heading-title elementor-size-default\">Channy Arrue<\/h3>\t\t\t\t<\/div>\n\t\t\t\t<div class=\"elementor-element elementor-element-a51afac elementor-widget elementor-widget-text-editor\" data-id=\"a51afac\" data-element_type=\"widget\" data-e-type=\"widget\" data-widget_type=\"text-editor.default\">\n\t\t\t\t\t\t\t\t\t<p>Insurance agent<\/p>\t\t\t\t\t\t\t\t<\/div>\n\t\t\t\t<\/div>\n\t\t<div class=\"elementor-element elementor-element-c33d645 e-con-full e-flex e-con e-child\" data-id=\"c33d645\" data-element_type=\"container\" data-e-type=\"container\" data-settings=\"{&quot;background_background&quot;:&quot;classic&quot;}\">\n\t\t\t\t<div class=\"elementor-element elementor-element-63e2b01 elementor-widget elementor-widget-image\" data-id=\"63e2b01\" data-element_type=\"widget\" data-e-type=\"widget\" data-widget_type=\"image.default\">\n\t\t\t\t\t\t\t\t\t\t\t\t\t\t\t\t<a href=\"https:\/\/arrueinsurance.com\/en\/about-us\/jacob-zechmann-bio\/\">\n\t\t\t\t\t\t\t<img loading=\"lazy\" decoding=\"async\" width=\"1004\" height=\"1024\" src=\"https:\/\/i0.wp.com\/arrueinsurance.com\/wp-content\/uploads\/2025\/07\/Jacob-BW-No-Background.png?fit=1004%2C1024&amp;ssl=1\" class=\"attachment-large size-large wp-image-378\" alt=\"Jacob Zechmann Portrait\" srcset=\"https:\/\/i0.wp.com\/arrueinsurance.com\/wp-content\/uploads\/2025\/07\/Jacob-BW-No-Background.png?w=2008&amp;ssl=1 2008w, https:\/\/i0.wp.com\/arrueinsurance.com\/wp-content\/uploads\/2025\/07\/Jacob-BW-No-Background.png?resize=294%2C300&amp;ssl=1 294w, https:\/\/i0.wp.com\/arrueinsurance.com\/wp-content\/uploads\/2025\/07\/Jacob-BW-No-Background.png?resize=1004%2C1024&amp;ssl=1 1004w, https:\/\/i0.wp.com\/arrueinsurance.com\/wp-content\/uploads\/2025\/07\/Jacob-BW-No-Background.png?resize=768%2C783&amp;ssl=1 768w, https:\/\/i0.wp.com\/arrueinsurance.com\/wp-content\/uploads\/2025\/07\/Jacob-BW-No-Background.png?resize=1506%2C1536&amp;ssl=1 1506w, https:\/\/i0.wp.com\/arrueinsurance.com\/wp-content\/uploads\/2025\/07\/Jacob-BW-No-Background.png?resize=12%2C12&amp;ssl=1 12w\" sizes=\"auto, (max-width: 1004px) 100vw, 1004px\" \/>\t\t\t\t\t\t\t\t<\/a>\n\t\t\t\t\t\t\t\t\t\t\t\t\t\t\t<\/div>\n\t\t\t\t<div class=\"elementor-element elementor-element-9b03e07 elementor-widget__width-initial elementor-widget elementor-widget-heading\" data-id=\"9b03e07\" data-element_type=\"widget\" data-e-type=\"widget\" data-settings=\"{&quot;_animation&quot;:&quot;none&quot;}\" data-widget_type=\"heading.default\">\n\t\t\t\t\t<h3 class=\"elementor-heading-title elementor-size-default\"><a href=\"https:\/\/arrueinsurance.com\/en\/about-us\/jacob-zechmann-bio\/\">Jacob Zechmann<\/a><\/h3>\t\t\t\t<\/div>\n\t\t\t\t<div class=\"elementor-element elementor-element-db9aea4 elementor-widget elementor-widget-text-editor\" data-id=\"db9aea4\" data-element_type=\"widget\" data-e-type=\"widget\" data-widget_type=\"text-editor.default\">\n\t\t\t\t\t\t\t\t\t<p>Insurance agent<\/p>\t\t\t\t\t\t\t\t<\/div>\n\t\t\t\t<\/div>\n\t\t\t\t<\/div>\n\t\t\t\t\t<\/div>\n\t\t\t\t<\/div>\n\t\t<div class=\"elementor-element elementor-element-382276f e-flex e-con-boxed e-con e-parent\" data-id=\"382276f\" data-element_type=\"container\" data-e-type=\"container\" data-settings=\"{&quot;background_background&quot;:&quot;classic&quot;}\">\n\t\t\t\t\t<div class=\"e-con-inner\">\n\t\t\t\t<div class=\"elementor-element elementor-element-fee7980 elementor-widget elementor-widget-heading\" data-id=\"fee7980\" data-element_type=\"widget\" data-e-type=\"widget\" data-widget_type=\"heading.default\">\n\t\t\t\t\t<h2 class=\"elementor-heading-title elementor-size-default\">Consult with us<\/h2>\t\t\t\t<\/div>\n\t\t\t\t<div class=\"elementor-element elementor-element-006bc56 elementor-widget elementor-widget-text-editor\" data-id=\"006bc56\" data-element_type=\"widget\" data-e-type=\"widget\" data-widget_type=\"text-editor.default\">\n\t\t\t\t\t\t\t\t\t<p>We know choosing a coverage plan can be confusing, and that's why we're here to help. Our goal is to make sure you fully understand your options and make the best decision for you and your family.<\/p><p>Leave us your information and we'll contact you to answer your questions and guide you through anything you need. No pressure, no commitment, just real, personalized advice.<\/p>\t\t\t\t\t\t\t\t<\/div>\n\t\t\t\t<div class=\"elementor-element elementor-element-a52428b elementor-align-center elementor-widget elementor-widget-button\" data-id=\"a52428b\" data-element_type=\"widget\" data-e-type=\"widget\" data-widget_type=\"button.default\">\n\t\t\t\t\t\t\t\t\t\t<a class=\"elementor-button elementor-button-link elementor-size-sm\" href=\"\/en\/contact\/\">\n\t\t\t\t\t\t<span class=\"elementor-button-content-wrapper\">\n\t\t\t\t\t\t\t\t\t<span class=\"elementor-button-text\">Contact us <\/span>\n\t\t\t\t\t<\/span>\n\t\t\t\t\t<\/a>\n\t\t\t\t\t\t\t\t<\/div>\n\t\t\t\t\t<\/div>\n\t\t\t\t<\/div>\n\t\t\t\t<\/div>","protected":false},"excerpt":{"rendered":"<p>Tu tranquilidad es nuestra raz\u00f3n de ser Nos dedicamos a proteger lo que m\u00e1s valoras. Soluciones claras para protegerte a ti y a los que m\u00e1s quieres. Nuestra misi\u00f3n no es solo ofrecerte un plan de cobertura, sino ayudarte a entenderlo y elegir con confianza. Nos tomamos el tiempo de escuchar tu situaci\u00f3n, responder tus [&hellip;]<\/p>\n","protected":false},"author":2,"featured_media":0,"parent":0,"menu_order":0,"comment_status":"closed","ping_status":"closed","template":"","meta":{"nf_dc_page":"","footnotes":""},"class_list":["post-56","page","type-page","status-publish","hentry"],"blocksy_meta":[],"yoast_head":"<!-- This site is optimized with the Yoast SEO plugin v27.4 - https:\/\/yoast.com\/product\/yoast-seo-wordpress\/ -->\n<title>About Us - Arrue Insurane<\/title>\n<meta name=\"robots\" content=\"index, follow, max-snippet:-1, max-image-preview:large, max-video-preview:-1\" \/>\n<link rel=\"canonical\" href=\"https:\/\/arrueinsurance.com\/en\/about-us\/\" \/>\n<meta property=\"og:locale\" content=\"en_US\" \/>\n<meta property=\"og:type\" content=\"article\" \/>\n<meta property=\"og:title\" content=\"About Us - Arrue Insurane\" \/>\n<meta property=\"og:description\" content=\"Tu tranquilidad es nuestra raz\u00f3n de ser Nos dedicamos a proteger lo que m\u00e1s valoras. Soluciones claras para protegerte a ti y a los que m\u00e1s quieres. Nuestra misi\u00f3n no es solo ofrecerte un plan de cobertura, sino ayudarte a entenderlo y elegir con confianza. Nos tomamos el tiempo de escuchar tu situaci\u00f3n, responder tus [&hellip;]\" \/>\n<meta property=\"og:url\" content=\"https:\/\/arrueinsurance.com\/en\/about-us\/\" \/>\n<meta property=\"og:site_name\" content=\"Arrue Insurane\" \/>\n<meta property=\"article:modified_time\" content=\"2025-08-07T11:47:02+00:00\" \/>\n<meta property=\"og:image\" content=\"https:\/\/arrueinsurance.com\/wp-content\/uploads\/2025\/08\/Diseno-sin-titulo.png\" \/>\n<meta name=\"twitter:card\" content=\"summary_large_image\" \/>\n<meta name=\"twitter:label1\" content=\"Est. reading time\" \/>\n\t<meta name=\"twitter:data1\" content=\"2 minutes\" \/>\n<script type=\"application\/ld+json\" class=\"yoast-schema-graph\">{\"@context\":\"https:\\\/\\\/schema.org\",\"@graph\":[{\"@type\":\"WebPage\",\"@id\":\"https:\\\/\\\/arrueinsurance.com\\\/about-us\\\/\",\"url\":\"https:\\\/\\\/arrueinsurance.com\\\/about-us\\\/\",\"name\":\"About Us - Arrue Insurane\",\"isPartOf\":{\"@id\":\"https:\\\/\\\/arrueinsurance.com\\\/#website\"},\"primaryImageOfPage\":{\"@id\":\"https:\\\/\\\/arrueinsurance.com\\\/about-us\\\/#primaryimage\"},\"image\":{\"@id\":\"https:\\\/\\\/arrueinsurance.com\\\/about-us\\\/#primaryimage\"},\"thumbnailUrl\":\"https:\\\/\\\/arrueinsurance.com\\\/wp-content\\\/uploads\\\/2025\\\/08\\\/Diseno-sin-titulo.png\",\"datePublished\":\"2025-07-11T00:00:13+00:00\",\"dateModified\":\"2025-08-07T11:47:02+00:00\",\"breadcrumb\":{\"@id\":\"https:\\\/\\\/arrueinsurance.com\\\/about-us\\\/#breadcrumb\"},\"inLanguage\":\"en-US\",\"potentialAction\":[{\"@type\":\"ReadAction\",\"target\":[\"https:\\\/\\\/arrueinsurance.com\\\/about-us\\\/\"]}]},{\"@type\":\"ImageObject\",\"inLanguage\":\"en-US\",\"@id\":\"https:\\\/\\\/arrueinsurance.com\\\/about-us\\\/#primaryimage\",\"url\":\"https:\\\/\\\/arrueinsurance.com\\\/wp-content\\\/uploads\\\/2025\\\/08\\\/Diseno-sin-titulo.png\",\"contentUrl\":\"https:\\\/\\\/arrueinsurance.com\\\/wp-content\\\/uploads\\\/2025\\\/08\\\/Diseno-sin-titulo.png\"},{\"@type\":\"BreadcrumbList\",\"@id\":\"https:\\\/\\\/arrueinsurance.com\\\/about-us\\\/#breadcrumb\",\"itemListElement\":[{\"@type\":\"ListItem\",\"position\":1,\"name\":\"Home\",\"item\":\"https:\\\/\\\/arrueinsurance.com\\\/\"},{\"@type\":\"ListItem\",\"position\":2,\"name\":\"About Us\"}]},{\"@type\":\"WebSite\",\"@id\":\"https:\\\/\\\/arrueinsurance.com\\\/#website\",\"url\":\"https:\\\/\\\/arrueinsurance.com\\\/\",\"name\":\"Arrue Insurane\",\"description\":\"\",\"publisher\":{\"@id\":\"https:\\\/\\\/arrueinsurance.com\\\/#organization\"},\"potentialAction\":[{\"@type\":\"SearchAction\",\"target\":{\"@type\":\"EntryPoint\",\"urlTemplate\":\"https:\\\/\\\/arrueinsurance.com\\\/?s={search_term_string}\"},\"query-input\":{\"@type\":\"PropertyValueSpecification\",\"valueRequired\":true,\"valueName\":\"search_term_string\"}}],\"inLanguage\":\"en-US\"},{\"@type\":\"Organization\",\"@id\":\"https:\\\/\\\/arrueinsurance.com\\\/#organization\",\"name\":\"Arrue Insurane\",\"url\":\"https:\\\/\\\/arrueinsurance.com\\\/\",\"logo\":{\"@type\":\"ImageObject\",\"inLanguage\":\"en-US\",\"@id\":\"https:\\\/\\\/arrueinsurance.com\\\/#\\\/schema\\\/logo\\\/image\\\/\",\"url\":\"https:\\\/\\\/i0.wp.com\\\/arrueinsurance.com\\\/wp-content\\\/uploads\\\/2025\\\/07\\\/Logo-Channy-a-color-scaled.png?fit=2560%2C629&ssl=1\",\"contentUrl\":\"https:\\\/\\\/i0.wp.com\\\/arrueinsurance.com\\\/wp-content\\\/uploads\\\/2025\\\/07\\\/Logo-Channy-a-color-scaled.png?fit=2560%2C629&ssl=1\",\"width\":2560,\"height\":629,\"caption\":\"Arrue Insurane\"},\"image\":{\"@id\":\"https:\\\/\\\/arrueinsurance.com\\\/#\\\/schema\\\/logo\\\/image\\\/\"}}]}<\/script>\n<!-- \/ Yoast SEO plugin. -->","yoast_head_json":{"title":"About Us - Arrue Insurane","robots":{"index":"index","follow":"follow","max-snippet":"max-snippet:-1","max-image-preview":"max-image-preview:large","max-video-preview":"max-video-preview:-1"},"canonical":"https:\/\/arrueinsurance.com\/en\/about-us\/","og_locale":"en_US","og_type":"article","og_title":"About Us - Arrue Insurane","og_description":"Tu tranquilidad es nuestra raz\u00f3n de ser Nos dedicamos a proteger lo que m\u00e1s valoras. Soluciones claras para protegerte a ti y a los que m\u00e1s quieres. Nuestra misi\u00f3n no es solo ofrecerte un plan de cobertura, sino ayudarte a entenderlo y elegir con confianza. Nos tomamos el tiempo de escuchar tu situaci\u00f3n, responder tus [&hellip;]","og_url":"https:\/\/arrueinsurance.com\/en\/about-us\/","og_site_name":"Arrue Insurane","article_modified_time":"2025-08-07T11:47:02+00:00","og_image":[{"url":"https:\/\/arrueinsurance.com\/wp-content\/uploads\/2025\/08\/Diseno-sin-titulo.png","type":"","width":"","height":""}],"twitter_card":"summary_large_image","twitter_misc":{"Est. reading time":"2 minutes"},"schema":{"@context":"https:\/\/schema.org","@graph":[{"@type":"WebPage","@id":"https:\/\/arrueinsurance.com\/about-us\/","url":"https:\/\/arrueinsurance.com\/about-us\/","name":"About Us - Arrue Insurane","isPartOf":{"@id":"https:\/\/arrueinsurance.com\/#website"},"primaryImageOfPage":{"@id":"https:\/\/arrueinsurance.com\/about-us\/#primaryimage"},"image":{"@id":"https:\/\/arrueinsurance.com\/about-us\/#primaryimage"},"thumbnailUrl":"https:\/\/arrueinsurance.com\/wp-content\/uploads\/2025\/08\/Diseno-sin-titulo.png","datePublished":"2025-07-11T00:00:13+00:00","dateModified":"2025-08-07T11:47:02+00:00","breadcrumb":{"@id":"https:\/\/arrueinsurance.com\/about-us\/#breadcrumb"},"inLanguage":"en-US","potentialAction":[{"@type":"ReadAction","target":["https:\/\/arrueinsurance.com\/about-us\/"]}]},{"@type":"ImageObject","inLanguage":"en-US","@id":"https:\/\/arrueinsurance.com\/about-us\/#primaryimage","url":"https:\/\/arrueinsurance.com\/wp-content\/uploads\/2025\/08\/Diseno-sin-titulo.png","contentUrl":"https:\/\/arrueinsurance.com\/wp-content\/uploads\/2025\/08\/Diseno-sin-titulo.png"},{"@type":"BreadcrumbList","@id":"https:\/\/arrueinsurance.com\/about-us\/#breadcrumb","itemListElement":[{"@type":"ListItem","position":1,"name":"Home","item":"https:\/\/arrueinsurance.com\/"},{"@type":"ListItem","position":2,"name":"About Us"}]},{"@type":"WebSite","@id":"https:\/\/arrueinsurance.com\/#website","url":"https:\/\/arrueinsurance.com\/","name":"Arrue Insurane","description":"","publisher":{"@id":"https:\/\/arrueinsurance.com\/#organization"},"potentialAction":[{"@type":"SearchAction","target":{"@type":"EntryPoint","urlTemplate":"https:\/\/arrueinsurance.com\/?s={search_term_string}"},"query-input":{"@type":"PropertyValueSpecification","valueRequired":true,"valueName":"search_term_string"}}],"inLanguage":"en-US"},{"@type":"Organization","@id":"https:\/\/arrueinsurance.com\/#organization","name":"Arrue Insurane","url":"https:\/\/arrueinsurance.com\/","logo":{"@type":"ImageObject","inLanguage":"en-US","@id":"https:\/\/arrueinsurance.com\/#\/schema\/logo\/image\/","url":"https:\/\/i0.wp.com\/arrueinsurance.com\/wp-content\/uploads\/2025\/07\/Logo-Channy-a-color-scaled.png?fit=2560%2C629&ssl=1","contentUrl":"https:\/\/i0.wp.com\/arrueinsurance.com\/wp-content\/uploads\/2025\/07\/Logo-Channy-a-color-scaled.png?fit=2560%2C629&ssl=1","width":2560,"height":629,"caption":"Arrue Insurane"},"image":{"@id":"https:\/\/arrueinsurance.com\/#\/schema\/logo\/image\/"}}]}},"jetpack_sharing_enabled":true,"_links":{"self":[{"href":"https:\/\/arrueinsurance.com\/en\/wp-json\/wp\/v2\/pages\/56","targetHints":{"allow":["GET"]}}],"collection":[{"href":"https:\/\/arrueinsurance.com\/en\/wp-json\/wp\/v2\/pages"}],"about":[{"href":"https:\/\/arrueinsurance.com\/en\/wp-json\/wp\/v2\/types\/page"}],"author":[{"embeddable":true,"href":"https:\/\/arrueinsurance.com\/en\/wp-json\/wp\/v2\/users\/2"}],"replies":[{"embeddable":true,"href":"https:\/\/arrueinsurance.com\/en\/wp-json\/wp\/v2\/comments?post=56"}],"version-history":[{"count":5,"href":"https:\/\/arrueinsurance.com\/en\/wp-json\/wp\/v2\/pages\/56\/revisions"}],"predecessor-version":[{"id":993,"href":"https:\/\/arrueinsurance.com\/en\/wp-json\/wp\/v2\/pages\/56\/revisions\/993"}],"wp:attachment":[{"href":"https:\/\/arrueinsurance.com\/en\/wp-json\/wp\/v2\/media?parent=56"}],"curies":[{"name":"wp","href":"https:\/\/api.w.org\/{rel}","templated":true}]}}